{"id":135,"date":"2024-09-20T03:13:05","date_gmt":"2024-09-20T03:13:05","guid":{"rendered":"http:\/\/astrageno.com\/home\/"},"modified":"2024-10-21T14:31:20","modified_gmt":"2024-10-21T14:31:20","slug":"startseite","status":"publish","type":"page","link":"https:\/\/astrageno.com\/en_us\/","title":{"rendered":"Astrageno AG Germany"},"content":{"rendered":"<div class=\"wp-block-uagb-container uagb-block-e6bc50fc alignfull uagb-is-root-container\"><div class=\"uagb-container-inner-blocks-wrap\">\n<div class=\"wp-block-uagb-container uagb-block-e4ae5ee7\">\n<div class=\"wp-block-uagb-info-box uagb-block-bda84c5e uagb-infobox__content-wrap  uagb-infobox-icon-above-title uagb-infobox-image-valign-top\"><div class=\"uagb-ifb-content\"><div class=\"uagb-ifb-title-wrap\"><h2 class=\"uagb-ifb-title\">The Astrageno AG<\/h2><\/div><p class=\"uagb-ifb-desc\">Astrageno is a European investment company.<\/p><\/div><\/div>\n<\/div>\n\n\n\n<div class=\"wp-block-uagb-container uagb-block-2de3917e\"><\/div>\n<\/div><\/div>\n\n\n\n<div class=\"wp-block-uagb-container uagb-block-db2d419d alignfull uagb-is-root-container\"><div class=\"uagb-container-inner-blocks-wrap\">\n<div class=\"wp-block-uagb-container uagb-layout-grid uagb-block-964d8b67\"><\/div>\n\n\n\n<div class=\"wp-block-uagb-container uagb-layout-grid uagb-block-3e7a0fa1\">\n<div class=\"wp-block-uagb-advanced-heading uagb-block-165a3982\"><h2 class=\"uagb-heading-text\">Long-term investments, sustainable growth<\/h2><\/div>\n\n\n\n<div class=\"wp-block-uagb-advanced-heading uagb-block-0d1db6a6\"><p class=\"uagb-desc-text\">We believe in the value of long-term partnerships. Our investment strategy focuses on sustainable investments that go beyond short-term success. Together with our partner companies, we pursue the goal of creating stable and sustainable growth prospects. Through targeted investments in future-oriented business models, we support companies in fully exploiting their potential and ensuring sustainable success. <\/p><\/div>\n<\/div>\n<\/div><\/div>","protected":false},"excerpt":{"rendered":"<p>Long-term investments, sustainable growth We believe in the value of long-term partnerships. Our investment strategy focuses on sustainable investments that go beyond short-term success. Together with our partner companies, we pursue the goal of creating stable and sustainable growth prospects. Through targeted investments in future-oriented business models, we support companies in fully exploiting their potential and achieving sustainable success [...].<\/p>","protected":false},"author":1,"featured_media":0,"parent":0,"menu_order":0,"comment_status":"closed","ping_status":"closed","template":"","meta":{"_uag_custom_page_level_css":"","footnotes":""},"class_list":["post-135","page","type-page","status-publish","hentry"],"yoast_head":"<!-- This site is optimized with the Yoast SEO plugin v27.4 - https:\/\/yoast.com\/product\/yoast-seo-wordpress\/ -->\n<title>Astrageno AG Deutschland - Astrageno AG - b\u00f6rsennotierte Beteiligungsgesellschaft aus Deutschland<\/title>\n<meta name=\"description\" content=\"Die Astrageno AG ist eine deutsche b\u00f6rsennotierte Beteiligungsgesellschaft. Wir glauben an den Wert von langfristigen Partnerschaften. Unsere Beteiligungsstrategie setzt auf nachhaltige Investitionen, die \u00fcber den kurzfristigen Erfolg hinausgehen.\" \/>\n<meta name=\"robots\" content=\"index, follow, max-snippet:-1, max-image-preview:large, max-video-preview:-1\" \/>\n<link rel=\"canonical\" href=\"https:\/\/astrageno.com\/en_us\/\" \/>\n<meta property=\"og:locale\" content=\"en_US\" \/>\n<meta property=\"og:type\" content=\"article\" \/>\n<meta property=\"og:title\" content=\"Astrageno AG Deutschland - Astrageno AG - b\u00f6rsennotierte Beteiligungsgesellschaft aus Deutschland\" \/>\n<meta property=\"og:description\" content=\"Die Astrageno AG ist eine deutsche b\u00f6rsennotierte Beteiligungsgesellschaft. Wir glauben an den Wert von langfristigen Partnerschaften. Unsere Beteiligungsstrategie setzt auf nachhaltige Investitionen, die \u00fcber den kurzfristigen Erfolg hinausgehen.\" \/>\n<meta property=\"og:url\" content=\"https:\/\/astrageno.com\/en_us\/\" \/>\n<meta property=\"og:site_name\" content=\"Astrageno AG - b\u00f6rsennotierte Beteiligungsgesellschaft aus Deutschland\" \/>\n<meta property=\"article:modified_time\" content=\"2024-10-21T14:31:20+00:00\" \/>\n<meta name=\"twitter:card\" content=\"summary_large_image\" \/>\n<meta name=\"twitter:label1\" content=\"Est. reading time\" \/>\n\t<meta name=\"twitter:data1\" content=\"1 minute\" \/>\n<script type=\"application\/ld+json\" class=\"yoast-schema-graph\">{\"@context\":\"https:\\\/\\\/schema.org\",\"@graph\":[{\"@type\":\"WebPage\",\"@id\":\"https:\\\/\\\/astrageno.com\\\/\",\"url\":\"https:\\\/\\\/astrageno.com\\\/\",\"name\":\"Astrageno AG Deutschland - Astrageno AG - b\u00f6rsennotierte Beteiligungsgesellschaft aus Deutschland\",\"isPartOf\":{\"@id\":\"https:\\\/\\\/astrageno.com\\\/#website\"},\"datePublished\":\"2024-09-20T03:13:05+00:00\",\"dateModified\":\"2024-10-21T14:31:20+00:00\",\"description\":\"Die Astrageno AG ist eine deutsche b\u00f6rsennotierte Beteiligungsgesellschaft. Wir glauben an den Wert von langfristigen Partnerschaften. Unsere Beteiligungsstrategie setzt auf nachhaltige Investitionen, die \u00fcber den kurzfristigen Erfolg hinausgehen.\",\"breadcrumb\":{\"@id\":\"https:\\\/\\\/astrageno.com\\\/#breadcrumb\"},\"inLanguage\":\"en-US\",\"potentialAction\":[{\"@type\":\"ReadAction\",\"target\":[\"https:\\\/\\\/astrageno.com\\\/\"]}]},{\"@type\":\"BreadcrumbList\",\"@id\":\"https:\\\/\\\/astrageno.com\\\/#breadcrumb\",\"itemListElement\":[{\"@type\":\"ListItem\",\"position\":1,\"name\":\"Startseite\",\"item\":\"https:\\\/\\\/astrageno.com\\\/\"},{\"@type\":\"ListItem\",\"position\":2,\"name\":\"Astrageno AG Deutschland\"}]},{\"@type\":\"WebSite\",\"@id\":\"https:\\\/\\\/astrageno.com\\\/#website\",\"url\":\"https:\\\/\\\/astrageno.com\\\/\",\"name\":\"Astrageno AG - b\u00f6rsennotierte Beteiligungsgesellschaft aus Deutschland\",\"description\":\"Astrageno AG, eine b\u00f6rsennotierte Beteiligungsgesellschaft\",\"publisher\":{\"@id\":\"https:\\\/\\\/astrageno.com\\\/#organization\"},\"potentialAction\":[{\"@type\":\"SearchAction\",\"target\":{\"@type\":\"EntryPoint\",\"urlTemplate\":\"https:\\\/\\\/astrageno.com\\\/?s={search_term_string}\"},\"query-input\":{\"@type\":\"PropertyValueSpecification\",\"valueRequired\":true,\"valueName\":\"search_term_string\"}}],\"inLanguage\":\"en-US\"},{\"@type\":\"Organization\",\"@id\":\"https:\\\/\\\/astrageno.com\\\/#organization\",\"name\":\"Astrageno AG - b\u00f6rsennotierte Beteiligungsgesellschaft aus Deutschland\",\"url\":\"https:\\\/\\\/astrageno.com\\\/\",\"logo\":{\"@type\":\"ImageObject\",\"inLanguage\":\"en-US\",\"@id\":\"https:\\\/\\\/astrageno.com\\\/#\\\/schema\\\/logo\\\/image\\\/\",\"url\":\"https:\\\/\\\/astrageno.com\\\/wp-content\\\/uploads\\\/2021\\\/05\\\/logo.svg\",\"contentUrl\":\"https:\\\/\\\/astrageno.com\\\/wp-content\\\/uploads\\\/2021\\\/05\\\/logo.svg\",\"caption\":\"Astrageno AG - b\u00f6rsennotierte Beteiligungsgesellschaft aus Deutschland\"},\"image\":{\"@id\":\"https:\\\/\\\/astrageno.com\\\/#\\\/schema\\\/logo\\\/image\\\/\"}}]}<\/script>\n<!-- \/ Yoast SEO plugin. -->","yoast_head_json":{"title":"Astrageno AG Germany - Astrageno AG - listed investment company from Germany","description":"Astrageno AG is a German listed investment company. We believe in the value of long-term partnerships. Our investment strategy focuses on sustainable investments that go beyond short-term success.","robots":{"index":"index","follow":"follow","max-snippet":"max-snippet:-1","max-image-preview":"max-image-preview:large","max-video-preview":"max-video-preview:-1"},"canonical":"https:\/\/astrageno.com\/en_us\/","og_locale":"en_US","og_type":"article","og_title":"Astrageno AG Deutschland - Astrageno AG - b\u00f6rsennotierte Beteiligungsgesellschaft aus Deutschland","og_description":"Die Astrageno AG ist eine deutsche b\u00f6rsennotierte Beteiligungsgesellschaft. Wir glauben an den Wert von langfristigen Partnerschaften. Unsere Beteiligungsstrategie setzt auf nachhaltige Investitionen, die \u00fcber den kurzfristigen Erfolg hinausgehen.","og_url":"https:\/\/astrageno.com\/en_us\/","og_site_name":"Astrageno AG - b\u00f6rsennotierte Beteiligungsgesellschaft aus Deutschland","article_modified_time":"2024-10-21T14:31:20+00:00","twitter_card":"summary_large_image","twitter_misc":{"Est. reading time":"1 minute"},"schema":{"@context":"https:\/\/schema.org","@graph":[{"@type":"WebPage","@id":"https:\/\/astrageno.com\/","url":"https:\/\/astrageno.com\/","name":"Astrageno AG Germany - Astrageno AG - listed investment company from Germany","isPartOf":{"@id":"https:\/\/astrageno.com\/#website"},"datePublished":"2024-09-20T03:13:05+00:00","dateModified":"2024-10-21T14:31:20+00:00","description":"Astrageno AG is a German listed investment company. We believe in the value of long-term partnerships. Our investment strategy focuses on sustainable investments that go beyond short-term success.","breadcrumb":{"@id":"https:\/\/astrageno.com\/#breadcrumb"},"inLanguage":"en-US","potentialAction":[{"@type":"ReadAction","target":["https:\/\/astrageno.com\/"]}]},{"@type":"BreadcrumbList","@id":"https:\/\/astrageno.com\/#breadcrumb","itemListElement":[{"@type":"ListItem","position":1,"name":"Startseite","item":"https:\/\/astrageno.com\/"},{"@type":"ListItem","position":2,"name":"Astrageno AG Deutschland"}]},{"@type":"WebSite","@id":"https:\/\/astrageno.com\/#website","url":"https:\/\/astrageno.com\/","name":"Astrageno AG - listed investment company from Germany","description":"Astrageno AG, a listed investment company","publisher":{"@id":"https:\/\/astrageno.com\/#organization"},"potentialAction":[{"@type":"SearchAction","target":{"@type":"EntryPoint","urlTemplate":"https:\/\/astrageno.com\/?s={search_term_string}"},"query-input":{"@type":"PropertyValueSpecification","valueRequired":true,"valueName":"search_term_string"}}],"inLanguage":"en-US"},{"@type":"Organization","@id":"https:\/\/astrageno.com\/#organization","name":"Astrageno AG - listed investment company from Germany","url":"https:\/\/astrageno.com\/","logo":{"@type":"ImageObject","inLanguage":"en-US","@id":"https:\/\/astrageno.com\/#\/schema\/logo\/image\/","url":"https:\/\/astrageno.com\/wp-content\/uploads\/2021\/05\/logo.svg","contentUrl":"https:\/\/astrageno.com\/wp-content\/uploads\/2021\/05\/logo.svg","caption":"Astrageno AG - b\u00f6rsennotierte Beteiligungsgesellschaft aus Deutschland"},"image":{"@id":"https:\/\/astrageno.com\/#\/schema\/logo\/image\/"}}]}},"uagb_featured_image_src":{"full":false,"thumbnail":false,"medium":false,"medium_large":false,"large":false,"1536x1536":false,"2048x2048":false,"trp-custom-language-flag":false},"uagb_author_info":{"display_name":"astrageno.ag@gmail.com","author_link":"https:\/\/astrageno.com\/en_us\/author\/astrageno-aggmail-com\/"},"uagb_comment_info":0,"uagb_excerpt":"Langfristige Investitionen, nachhaltiges Wachstum Wir glauben an den Wert von langfristigen Partnerschaften. Unsere Beteiligungsstrategie setzt auf nachhaltige Investitionen, die \u00fcber den kurzfristigen Erfolg hinausgehen. Gemeinsam mit unseren Partnerunternehmen verfolgen wir das Ziel, stabile und dauerhafte Wachstumsperspektiven zu schaffen. Durch gezielte Investitionen in zukunftsorientierte Gesch\u00e4ftsmodelle unterst\u00fctzen wir Unternehmen dabei, ihr Potenzial voll auszusch\u00f6pfen und nachhaltigen Erfolg&hellip;","_links":{"self":[{"href":"https:\/\/astrageno.com\/en_us\/wp-json\/wp\/v2\/pages\/135","targetHints":{"allow":["GET"]}}],"collection":[{"href":"https:\/\/astrageno.com\/en_us\/wp-json\/wp\/v2\/pages"}],"about":[{"href":"https:\/\/astrageno.com\/en_us\/wp-json\/wp\/v2\/types\/page"}],"author":[{"embeddable":true,"href":"https:\/\/astrageno.com\/en_us\/wp-json\/wp\/v2\/users\/1"}],"replies":[{"embeddable":true,"href":"https:\/\/astrageno.com\/en_us\/wp-json\/wp\/v2\/comments?post=135"}],"version-history":[{"count":14,"href":"https:\/\/astrageno.com\/en_us\/wp-json\/wp\/v2\/pages\/135\/revisions"}],"predecessor-version":[{"id":908,"href":"https:\/\/astrageno.com\/en_us\/wp-json\/wp\/v2\/pages\/135\/revisions\/908"}],"wp:attachment":[{"href":"https:\/\/astrageno.com\/en_us\/wp-json\/wp\/v2\/media?parent=135"}],"curies":[{"name":"wp","href":"https:\/\/api.w.org\/{rel}","templated":true}]}}