{"id":805,"date":"2024-10-03T07:05:41","date_gmt":"2024-10-03T07:05:41","guid":{"rendered":"https:\/\/astrageno.com\/?page_id=805"},"modified":"2024-10-03T11:22:58","modified_gmt":"2024-10-03T11:22:58","slug":"investor-relations","status":"publish","type":"page","link":"https:\/\/astrageno.com\/en_us\/investor-relations\/","title":{"rendered":"Investor Relations"},"content":{"rendered":"<p>Astrageno AG stands for transparency and open communication with its shareholders and investors. Our aim is to create long-term value and promote sustainable growth. On this page you will find all relevant information on the development of our share, financial reports, company news and important dates. We invite our investors to shape the future together with us and to benefit from our strategic direction. Please do not hesitate to contact us for further information.<\/p>","protected":false},"excerpt":{"rendered":"<p>Die Astrageno AG steht f\u00fcr Transparenz und eine offene Kommunikation mit ihren Aktion\u00e4ren und Investoren. Unser Ziel ist es, langfristige Werte zu schaffen und nachhaltiges Wachstum zu f\u00f6rdern. Auf dieser Seite finden Sie alle relevanten Informationen zur Entwicklung unserer Aktie, Finanzberichte, Unternehmensnachrichten und wichtige Termine. Wir laden unsere Investoren ein, gemeinsam mit uns die Zukunft [&hellip;]<\/p>","protected":false},"author":1,"featured_media":0,"parent":0,"menu_order":0,"comment_status":"closed","ping_status":"closed","template":"","meta":{"_uag_custom_page_level_css":"","footnotes":""},"class_list":["post-805","page","type-page","status-publish","hentry"],"yoast_head":"<!-- This site is optimized with the Yoast SEO plugin v27.4 - https:\/\/yoast.com\/product\/yoast-seo-wordpress\/ -->\n<title>Investor Relations - Astrageno AG - b\u00f6rsennotierte Beteiligungsgesellschaft aus Deutschland<\/title>\n<meta name=\"description\" content=\"Investor Relations und alle Informationen zur Aktie der Astrageno AG. Deutsche Beteiligungsgesellschaft Astrageno AG: Alle Informationen hier herunterladen.\" \/>\n<meta name=\"robots\" content=\"index, follow, max-snippet:-1, max-image-preview:large, max-video-preview:-1\" \/>\n<link rel=\"canonical\" href=\"https:\/\/astrageno.com\/en_us\/investor-relations\/\" \/>\n<meta property=\"og:locale\" content=\"en_US\" \/>\n<meta property=\"og:type\" content=\"article\" \/>\n<meta property=\"og:title\" content=\"Investor Relations - Astrageno AG - b\u00f6rsennotierte Beteiligungsgesellschaft aus Deutschland\" \/>\n<meta property=\"og:description\" content=\"Investor Relations und alle Informationen zur Aktie der Astrageno AG. Deutsche Beteiligungsgesellschaft Astrageno AG: Alle Informationen hier herunterladen.\" \/>\n<meta property=\"og:url\" content=\"https:\/\/astrageno.com\/en_us\/investor-relations\/\" \/>\n<meta property=\"og:site_name\" content=\"Astrageno AG - b\u00f6rsennotierte Beteiligungsgesellschaft aus Deutschland\" \/>\n<meta property=\"article:modified_time\" content=\"2024-10-03T11:22:58+00:00\" \/>\n<meta name=\"twitter:card\" content=\"summary_large_image\" \/>\n<script type=\"application\/ld+json\" class=\"yoast-schema-graph\">{\"@context\":\"https:\\\/\\\/schema.org\",\"@graph\":[{\"@type\":\"WebPage\",\"@id\":\"https:\\\/\\\/astrageno.com\\\/investor-relations\\\/\",\"url\":\"https:\\\/\\\/astrageno.com\\\/investor-relations\\\/\",\"name\":\"Investor Relations - Astrageno AG - b\u00f6rsennotierte Beteiligungsgesellschaft aus Deutschland\",\"isPartOf\":{\"@id\":\"https:\\\/\\\/astrageno.com\\\/#website\"},\"datePublished\":\"2024-10-03T07:05:41+00:00\",\"dateModified\":\"2024-10-03T11:22:58+00:00\",\"description\":\"Investor Relations und alle Informationen zur Aktie der Astrageno AG. Deutsche Beteiligungsgesellschaft Astrageno AG: Alle Informationen hier herunterladen.\",\"breadcrumb\":{\"@id\":\"https:\\\/\\\/astrageno.com\\\/investor-relations\\\/#breadcrumb\"},\"inLanguage\":\"en-US\",\"potentialAction\":[{\"@type\":\"ReadAction\",\"target\":[\"https:\\\/\\\/astrageno.com\\\/investor-relations\\\/\"]}]},{\"@type\":\"BreadcrumbList\",\"@id\":\"https:\\\/\\\/astrageno.com\\\/investor-relations\\\/#breadcrumb\",\"itemListElement\":[{\"@type\":\"ListItem\",\"position\":1,\"name\":\"Startseite\",\"item\":\"https:\\\/\\\/astrageno.com\\\/\"},{\"@type\":\"ListItem\",\"position\":2,\"name\":\"Investor Relations\"}]},{\"@type\":\"WebSite\",\"@id\":\"https:\\\/\\\/astrageno.com\\\/#website\",\"url\":\"https:\\\/\\\/astrageno.com\\\/\",\"name\":\"Astrageno AG - b\u00f6rsennotierte Beteiligungsgesellschaft aus Deutschland\",\"description\":\"Astrageno AG, eine b\u00f6rsennotierte Beteiligungsgesellschaft\",\"publisher\":{\"@id\":\"https:\\\/\\\/astrageno.com\\\/#organization\"},\"potentialAction\":[{\"@type\":\"SearchAction\",\"target\":{\"@type\":\"EntryPoint\",\"urlTemplate\":\"https:\\\/\\\/astrageno.com\\\/?s={search_term_string}\"},\"query-input\":{\"@type\":\"PropertyValueSpecification\",\"valueRequired\":true,\"valueName\":\"search_term_string\"}}],\"inLanguage\":\"en-US\"},{\"@type\":\"Organization\",\"@id\":\"https:\\\/\\\/astrageno.com\\\/#organization\",\"name\":\"Astrageno AG - b\u00f6rsennotierte Beteiligungsgesellschaft aus Deutschland\",\"url\":\"https:\\\/\\\/astrageno.com\\\/\",\"logo\":{\"@type\":\"ImageObject\",\"inLanguage\":\"en-US\",\"@id\":\"https:\\\/\\\/astrageno.com\\\/#\\\/schema\\\/logo\\\/image\\\/\",\"url\":\"https:\\\/\\\/astrageno.com\\\/wp-content\\\/uploads\\\/2021\\\/05\\\/logo.svg\",\"contentUrl\":\"https:\\\/\\\/astrageno.com\\\/wp-content\\\/uploads\\\/2021\\\/05\\\/logo.svg\",\"caption\":\"Astrageno AG - b\u00f6rsennotierte Beteiligungsgesellschaft aus Deutschland\"},\"image\":{\"@id\":\"https:\\\/\\\/astrageno.com\\\/#\\\/schema\\\/logo\\\/image\\\/\"}}]}<\/script>\n<!-- \/ Yoast SEO plugin. -->","yoast_head_json":{"title":"Investor Relations - Astrageno AG - b\u00f6rsennotierte Beteiligungsgesellschaft aus Deutschland","description":"Investor Relations und alle Informationen zur Aktie der Astrageno AG. Deutsche Beteiligungsgesellschaft Astrageno AG: Alle Informationen hier herunterladen.","robots":{"index":"index","follow":"follow","max-snippet":"max-snippet:-1","max-image-preview":"max-image-preview:large","max-video-preview":"max-video-preview:-1"},"canonical":"https:\/\/astrageno.com\/en_us\/investor-relations\/","og_locale":"en_US","og_type":"article","og_title":"Investor Relations - Astrageno AG - b\u00f6rsennotierte Beteiligungsgesellschaft aus Deutschland","og_description":"Investor Relations und alle Informationen zur Aktie der Astrageno AG. Deutsche Beteiligungsgesellschaft Astrageno AG: Alle Informationen hier herunterladen.","og_url":"https:\/\/astrageno.com\/en_us\/investor-relations\/","og_site_name":"Astrageno AG - b\u00f6rsennotierte Beteiligungsgesellschaft aus Deutschland","article_modified_time":"2024-10-03T11:22:58+00:00","twitter_card":"summary_large_image","schema":{"@context":"https:\/\/schema.org","@graph":[{"@type":"WebPage","@id":"https:\/\/astrageno.com\/investor-relations\/","url":"https:\/\/astrageno.com\/investor-relations\/","name":"Investor Relations - Astrageno AG - b\u00f6rsennotierte Beteiligungsgesellschaft aus Deutschland","isPartOf":{"@id":"https:\/\/astrageno.com\/#website"},"datePublished":"2024-10-03T07:05:41+00:00","dateModified":"2024-10-03T11:22:58+00:00","description":"Investor Relations und alle Informationen zur Aktie der Astrageno AG. Deutsche Beteiligungsgesellschaft Astrageno AG: Alle Informationen hier herunterladen.","breadcrumb":{"@id":"https:\/\/astrageno.com\/investor-relations\/#breadcrumb"},"inLanguage":"en-US","potentialAction":[{"@type":"ReadAction","target":["https:\/\/astrageno.com\/investor-relations\/"]}]},{"@type":"BreadcrumbList","@id":"https:\/\/astrageno.com\/investor-relations\/#breadcrumb","itemListElement":[{"@type":"ListItem","position":1,"name":"Startseite","item":"https:\/\/astrageno.com\/"},{"@type":"ListItem","position":2,"name":"Investor Relations"}]},{"@type":"WebSite","@id":"https:\/\/astrageno.com\/#website","url":"https:\/\/astrageno.com\/","name":"Astrageno AG - listed investment company from Germany","description":"Astrageno AG, a listed investment company","publisher":{"@id":"https:\/\/astrageno.com\/#organization"},"potentialAction":[{"@type":"SearchAction","target":{"@type":"EntryPoint","urlTemplate":"https:\/\/astrageno.com\/?s={search_term_string}"},"query-input":{"@type":"PropertyValueSpecification","valueRequired":true,"valueName":"search_term_string"}}],"inLanguage":"en-US"},{"@type":"Organization","@id":"https:\/\/astrageno.com\/#organization","name":"Astrageno AG - listed investment company from Germany","url":"https:\/\/astrageno.com\/","logo":{"@type":"ImageObject","inLanguage":"en-US","@id":"https:\/\/astrageno.com\/#\/schema\/logo\/image\/","url":"https:\/\/astrageno.com\/wp-content\/uploads\/2021\/05\/logo.svg","contentUrl":"https:\/\/astrageno.com\/wp-content\/uploads\/2021\/05\/logo.svg","caption":"Astrageno AG - b\u00f6rsennotierte Beteiligungsgesellschaft aus Deutschland"},"image":{"@id":"https:\/\/astrageno.com\/#\/schema\/logo\/image\/"}}]}},"uagb_featured_image_src":{"full":false,"thumbnail":false,"medium":false,"medium_large":false,"large":false,"1536x1536":false,"2048x2048":false,"trp-custom-language-flag":false},"uagb_author_info":{"display_name":"astrageno.ag@gmail.com","author_link":"https:\/\/astrageno.com\/en_us\/author\/astrageno-aggmail-com\/"},"uagb_comment_info":0,"uagb_excerpt":"Die Astrageno AG steht f\u00fcr Transparenz und eine offene Kommunikation mit ihren Aktion\u00e4ren und Investoren. Unser Ziel ist es, langfristige Werte zu schaffen und nachhaltiges Wachstum zu f\u00f6rdern. Auf dieser Seite finden Sie alle relevanten Informationen zur Entwicklung unserer Aktie, Finanzberichte, Unternehmensnachrichten und wichtige Termine. Wir laden unsere Investoren ein, gemeinsam mit uns die Zukunft&hellip;","_links":{"self":[{"href":"https:\/\/astrageno.com\/en_us\/wp-json\/wp\/v2\/pages\/805","targetHints":{"allow":["GET"]}}],"collection":[{"href":"https:\/\/astrageno.com\/en_us\/wp-json\/wp\/v2\/pages"}],"about":[{"href":"https:\/\/astrageno.com\/en_us\/wp-json\/wp\/v2\/types\/page"}],"author":[{"embeddable":true,"href":"https:\/\/astrageno.com\/en_us\/wp-json\/wp\/v2\/users\/1"}],"replies":[{"embeddable":true,"href":"https:\/\/astrageno.com\/en_us\/wp-json\/wp\/v2\/comments?post=805"}],"version-history":[{"count":2,"href":"https:\/\/astrageno.com\/en_us\/wp-json\/wp\/v2\/pages\/805\/revisions"}],"predecessor-version":[{"id":898,"href":"https:\/\/astrageno.com\/en_us\/wp-json\/wp\/v2\/pages\/805\/revisions\/898"}],"wp:attachment":[{"href":"https:\/\/astrageno.com\/en_us\/wp-json\/wp\/v2\/media?parent=805"}],"curies":[{"name":"wp","href":"https:\/\/api.w.org\/{rel}","templated":true}]}}