{"id":834,"date":"2024-10-03T07:14:05","date_gmt":"2024-10-03T07:14:05","guid":{"rendered":"https:\/\/astrageno.com\/?page_id=834"},"modified":"2024-10-03T11:27:09","modified_gmt":"2024-10-03T11:27:09","slug":"impressum","status":"publish","type":"page","link":"https:\/\/astrageno.com\/en_us\/impressum\/","title":{"rendered":"Imprint"},"content":{"rendered":"<p>Here you will find the mandatory information on the provider identification of our website, including our contact details and legal information. Astrageno AG attaches great importance to transparency and provides you with all the necessary information to ensure legally compliant communication. If you have any questions or suggestions, please do not hesitate to contact us at any time.<\/p>","protected":false},"excerpt":{"rendered":"<p>Here you will find the mandatory information on the provider identification of our website, including our contact details and legal information. Astrageno AG attaches great importance to transparency and provides you with all the necessary information to ensure legally compliant communication. If you have any questions or suggestions, please do not hesitate to contact us at any time.<\/p>","protected":false},"author":1,"featured_media":0,"parent":0,"menu_order":0,"comment_status":"closed","ping_status":"closed","template":"","meta":{"_uag_custom_page_level_css":"","footnotes":""},"class_list":["post-834","page","type-page","status-publish","hentry"],"yoast_head":"<!-- This site is optimized with the Yoast SEO plugin v27.4 - https:\/\/yoast.com\/product\/yoast-seo-wordpress\/ -->\n<title>Impressum - Astrageno AG - b\u00f6rsennotierte Beteiligungsgesellschaft aus Deutschland<\/title>\n<meta name=\"description\" content=\"Impressum und Kontaktdaten der Beteiligungsgesellschaft Astrageno AG. Kontaktieren Sie uns hier!\" \/>\n<meta name=\"robots\" content=\"index, follow, max-snippet:-1, max-image-preview:large, max-video-preview:-1\" \/>\n<link rel=\"canonical\" href=\"https:\/\/astrageno.com\/en_us\/impressum\/\" \/>\n<meta property=\"og:locale\" content=\"en_US\" \/>\n<meta property=\"og:type\" content=\"article\" \/>\n<meta property=\"og:title\" content=\"Impressum - Astrageno AG - b\u00f6rsennotierte Beteiligungsgesellschaft aus Deutschland\" \/>\n<meta property=\"og:description\" content=\"Impressum und Kontaktdaten der Beteiligungsgesellschaft Astrageno AG. Kontaktieren Sie uns hier!\" \/>\n<meta property=\"og:url\" content=\"https:\/\/astrageno.com\/en_us\/impressum\/\" \/>\n<meta property=\"og:site_name\" content=\"Astrageno AG - b\u00f6rsennotierte Beteiligungsgesellschaft aus Deutschland\" \/>\n<meta property=\"article:modified_time\" content=\"2024-10-03T11:27:09+00:00\" \/>\n<meta name=\"twitter:card\" content=\"summary_large_image\" \/>\n<meta name=\"twitter:label1\" content=\"Est. reading time\" \/>\n\t<meta name=\"twitter:data1\" content=\"1 minute\" \/>\n<script type=\"application\/ld+json\" class=\"yoast-schema-graph\">{\"@context\":\"https:\\\/\\\/schema.org\",\"@graph\":[{\"@type\":\"WebPage\",\"@id\":\"https:\\\/\\\/astrageno.com\\\/impressum\\\/\",\"url\":\"https:\\\/\\\/astrageno.com\\\/impressum\\\/\",\"name\":\"Impressum - Astrageno AG - b\u00f6rsennotierte Beteiligungsgesellschaft aus Deutschland\",\"isPartOf\":{\"@id\":\"https:\\\/\\\/astrageno.com\\\/#website\"},\"datePublished\":\"2024-10-03T07:14:05+00:00\",\"dateModified\":\"2024-10-03T11:27:09+00:00\",\"description\":\"Impressum und Kontaktdaten der Beteiligungsgesellschaft Astrageno AG. Kontaktieren Sie uns hier!\",\"breadcrumb\":{\"@id\":\"https:\\\/\\\/astrageno.com\\\/impressum\\\/#breadcrumb\"},\"inLanguage\":\"en-US\",\"potentialAction\":[{\"@type\":\"ReadAction\",\"target\":[\"https:\\\/\\\/astrageno.com\\\/impressum\\\/\"]}]},{\"@type\":\"BreadcrumbList\",\"@id\":\"https:\\\/\\\/astrageno.com\\\/impressum\\\/#breadcrumb\",\"itemListElement\":[{\"@type\":\"ListItem\",\"position\":1,\"name\":\"Startseite\",\"item\":\"https:\\\/\\\/astrageno.com\\\/\"},{\"@type\":\"ListItem\",\"position\":2,\"name\":\"Impressum\"}]},{\"@type\":\"WebSite\",\"@id\":\"https:\\\/\\\/astrageno.com\\\/#website\",\"url\":\"https:\\\/\\\/astrageno.com\\\/\",\"name\":\"Astrageno AG - b\u00f6rsennotierte Beteiligungsgesellschaft aus Deutschland\",\"description\":\"Astrageno AG, eine b\u00f6rsennotierte Beteiligungsgesellschaft\",\"publisher\":{\"@id\":\"https:\\\/\\\/astrageno.com\\\/#organization\"},\"potentialAction\":[{\"@type\":\"SearchAction\",\"target\":{\"@type\":\"EntryPoint\",\"urlTemplate\":\"https:\\\/\\\/astrageno.com\\\/?s={search_term_string}\"},\"query-input\":{\"@type\":\"PropertyValueSpecification\",\"valueRequired\":true,\"valueName\":\"search_term_string\"}}],\"inLanguage\":\"en-US\"},{\"@type\":\"Organization\",\"@id\":\"https:\\\/\\\/astrageno.com\\\/#organization\",\"name\":\"Astrageno AG - b\u00f6rsennotierte Beteiligungsgesellschaft aus Deutschland\",\"url\":\"https:\\\/\\\/astrageno.com\\\/\",\"logo\":{\"@type\":\"ImageObject\",\"inLanguage\":\"en-US\",\"@id\":\"https:\\\/\\\/astrageno.com\\\/#\\\/schema\\\/logo\\\/image\\\/\",\"url\":\"https:\\\/\\\/astrageno.com\\\/wp-content\\\/uploads\\\/2021\\\/05\\\/logo.svg\",\"contentUrl\":\"https:\\\/\\\/astrageno.com\\\/wp-content\\\/uploads\\\/2021\\\/05\\\/logo.svg\",\"caption\":\"Astrageno AG - b\u00f6rsennotierte Beteiligungsgesellschaft aus Deutschland\"},\"image\":{\"@id\":\"https:\\\/\\\/astrageno.com\\\/#\\\/schema\\\/logo\\\/image\\\/\"}}]}<\/script>\n<!-- \/ Yoast SEO plugin. -->","yoast_head_json":{"title":"Impressum - Astrageno AG - b\u00f6rsennotierte Beteiligungsgesellschaft aus Deutschland","description":"Impressum und Kontaktdaten der Beteiligungsgesellschaft Astrageno AG. Kontaktieren Sie uns hier!","robots":{"index":"index","follow":"follow","max-snippet":"max-snippet:-1","max-image-preview":"max-image-preview:large","max-video-preview":"max-video-preview:-1"},"canonical":"https:\/\/astrageno.com\/en_us\/impressum\/","og_locale":"en_US","og_type":"article","og_title":"Impressum - Astrageno AG - b\u00f6rsennotierte Beteiligungsgesellschaft aus Deutschland","og_description":"Impressum und Kontaktdaten der Beteiligungsgesellschaft Astrageno AG. Kontaktieren Sie uns hier!","og_url":"https:\/\/astrageno.com\/en_us\/impressum\/","og_site_name":"Astrageno AG - b\u00f6rsennotierte Beteiligungsgesellschaft aus Deutschland","article_modified_time":"2024-10-03T11:27:09+00:00","twitter_card":"summary_large_image","twitter_misc":{"Est. reading time":"1 minute"},"schema":{"@context":"https:\/\/schema.org","@graph":[{"@type":"WebPage","@id":"https:\/\/astrageno.com\/impressum\/","url":"https:\/\/astrageno.com\/impressum\/","name":"Impressum - Astrageno AG - b\u00f6rsennotierte Beteiligungsgesellschaft aus Deutschland","isPartOf":{"@id":"https:\/\/astrageno.com\/#website"},"datePublished":"2024-10-03T07:14:05+00:00","dateModified":"2024-10-03T11:27:09+00:00","description":"Impressum und Kontaktdaten der Beteiligungsgesellschaft Astrageno AG. Kontaktieren Sie uns hier!","breadcrumb":{"@id":"https:\/\/astrageno.com\/impressum\/#breadcrumb"},"inLanguage":"en-US","potentialAction":[{"@type":"ReadAction","target":["https:\/\/astrageno.com\/impressum\/"]}]},{"@type":"BreadcrumbList","@id":"https:\/\/astrageno.com\/impressum\/#breadcrumb","itemListElement":[{"@type":"ListItem","position":1,"name":"Startseite","item":"https:\/\/astrageno.com\/"},{"@type":"ListItem","position":2,"name":"Impressum"}]},{"@type":"WebSite","@id":"https:\/\/astrageno.com\/#website","url":"https:\/\/astrageno.com\/","name":"Astrageno AG - listed investment company from Germany","description":"Astrageno AG, a listed investment company","publisher":{"@id":"https:\/\/astrageno.com\/#organization"},"potentialAction":[{"@type":"SearchAction","target":{"@type":"EntryPoint","urlTemplate":"https:\/\/astrageno.com\/?s={search_term_string}"},"query-input":{"@type":"PropertyValueSpecification","valueRequired":true,"valueName":"search_term_string"}}],"inLanguage":"en-US"},{"@type":"Organization","@id":"https:\/\/astrageno.com\/#organization","name":"Astrageno AG - listed investment company from Germany","url":"https:\/\/astrageno.com\/","logo":{"@type":"ImageObject","inLanguage":"en-US","@id":"https:\/\/astrageno.com\/#\/schema\/logo\/image\/","url":"https:\/\/astrageno.com\/wp-content\/uploads\/2021\/05\/logo.svg","contentUrl":"https:\/\/astrageno.com\/wp-content\/uploads\/2021\/05\/logo.svg","caption":"Astrageno AG - b\u00f6rsennotierte Beteiligungsgesellschaft aus Deutschland"},"image":{"@id":"https:\/\/astrageno.com\/#\/schema\/logo\/image\/"}}]}},"uagb_featured_image_src":{"full":false,"thumbnail":false,"medium":false,"medium_large":false,"large":false,"1536x1536":false,"2048x2048":false,"trp-custom-language-flag":false},"uagb_author_info":{"display_name":"astrageno.ag@gmail.com","author_link":"https:\/\/astrageno.com\/en_us\/author\/astrageno-aggmail-com\/"},"uagb_comment_info":0,"uagb_excerpt":"Hier finden Sie die Pflichtangaben zur Anbieterkennzeichnung unserer Website, einschlie\u00dflich unserer Kontaktdaten und rechtlicher Informationen. Die Astrageno AG legt gro\u00dfen Wert auf Transparenz und stellt Ihnen alle erforderlichen Informationen zur Verf\u00fcgung, um eine rechtssichere Kommunikation zu gew\u00e4hrleisten. F\u00fcr Fragen oder Anregungen stehen wir Ihnen jederzeit zur Verf\u00fcgung.","_links":{"self":[{"href":"https:\/\/astrageno.com\/en_us\/wp-json\/wp\/v2\/pages\/834","targetHints":{"allow":["GET"]}}],"collection":[{"href":"https:\/\/astrageno.com\/en_us\/wp-json\/wp\/v2\/pages"}],"about":[{"href":"https:\/\/astrageno.com\/en_us\/wp-json\/wp\/v2\/types\/page"}],"author":[{"embeddable":true,"href":"https:\/\/astrageno.com\/en_us\/wp-json\/wp\/v2\/users\/1"}],"replies":[{"embeddable":true,"href":"https:\/\/astrageno.com\/en_us\/wp-json\/wp\/v2\/comments?post=834"}],"version-history":[{"count":2,"href":"https:\/\/astrageno.com\/en_us\/wp-json\/wp\/v2\/pages\/834\/revisions"}],"predecessor-version":[{"id":902,"href":"https:\/\/astrageno.com\/en_us\/wp-json\/wp\/v2\/pages\/834\/revisions\/902"}],"wp:attachment":[{"href":"https:\/\/astrageno.com\/en_us\/wp-json\/wp\/v2\/media?parent=834"}],"curies":[{"name":"wp","href":"https:\/\/api.w.org\/{rel}","templated":true}]}}