{"id":836,"date":"2024-10-03T07:14:36","date_gmt":"2024-10-03T07:14:36","guid":{"rendered":"https:\/\/astrageno.com\/?page_id=836"},"modified":"2024-10-03T11:22:22","modified_gmt":"2024-10-03T11:22:22","slug":"die-astrageno-ag","status":"publish","type":"page","link":"https:\/\/astrageno.com\/en_us\/die-astrageno-ag\/","title":{"rendered":"The Astrageno AG"},"content":{"rendered":"<p>Astrageno AG is a listed investment company with a focus on sustainable growth and long-term partnerships. Since our foundation, we have concentrated on supporting companies with innovative and future-oriented business models. Our vision is to enable lasting success through strategic investments in promising companies.<\/p>\n\n\n\n<p>As a reliable partner, we offer our shareholders the opportunity to participate in our success. With a clear growth strategy and a dedicated team, we strive to create stable and sustainable value.<\/p>","protected":false},"excerpt":{"rendered":"<p>Die Astrageno AG ist eine b\u00f6rsennotierte Beteiligungsgesellschaft mit dem Fokus auf nachhaltiges Wachstum und langfristige Partnerschaften. Seit unserer Gr\u00fcndung haben wir uns darauf konzentriert, Unternehmen mit innovativen und zukunftsorientierten Gesch\u00e4ftsmodellen zu unterst\u00fctzen. Unsere Vision ist es, durch strategische Investitionen in vielversprechende Unternehmen dauerhaften Erfolg zu erm\u00f6glichen. Als verl\u00e4sslicher Partner bieten wir unseren Aktion\u00e4ren die M\u00f6glichkeit, [&hellip;]<\/p>","protected":false},"author":1,"featured_media":0,"parent":0,"menu_order":0,"comment_status":"closed","ping_status":"closed","template":"","meta":{"_uag_custom_page_level_css":"","footnotes":""},"class_list":["post-836","page","type-page","status-publish","hentry"],"yoast_head":"<!-- This site is optimized with the Yoast SEO plugin v27.4 - https:\/\/yoast.com\/product\/yoast-seo-wordpress\/ -->\n<title>Die Astrageno AG - Astrageno AG - b\u00f6rsennotierte Beteiligungsgesellschaft aus Deutschland<\/title>\n<meta name=\"description\" content=\"Vorstellung der Beteiligungsgesellschaft Astrageno AG: Alle Informationen zur Astrageno AG. Unternehmensgeschichte, Personen, Berichte. Hier herunterladen.\" \/>\n<meta name=\"robots\" content=\"index, follow, max-snippet:-1, max-image-preview:large, max-video-preview:-1\" \/>\n<link rel=\"canonical\" href=\"https:\/\/astrageno.com\/en_us\/die-astrageno-ag\/\" \/>\n<meta property=\"og:locale\" content=\"en_US\" \/>\n<meta property=\"og:type\" content=\"article\" \/>\n<meta property=\"og:title\" content=\"Die Astrageno AG - Astrageno AG - b\u00f6rsennotierte Beteiligungsgesellschaft aus Deutschland\" \/>\n<meta property=\"og:description\" content=\"Vorstellung der Beteiligungsgesellschaft Astrageno AG: Alle Informationen zur Astrageno AG. Unternehmensgeschichte, Personen, Berichte. Hier herunterladen.\" \/>\n<meta property=\"og:url\" content=\"https:\/\/astrageno.com\/en_us\/die-astrageno-ag\/\" \/>\n<meta property=\"og:site_name\" content=\"Astrageno AG - b\u00f6rsennotierte Beteiligungsgesellschaft aus Deutschland\" \/>\n<meta property=\"article:modified_time\" content=\"2024-10-03T11:22:22+00:00\" \/>\n<meta name=\"twitter:card\" content=\"summary_large_image\" \/>\n<script type=\"application\/ld+json\" class=\"yoast-schema-graph\">{\"@context\":\"https:\\\/\\\/schema.org\",\"@graph\":[{\"@type\":\"WebPage\",\"@id\":\"https:\\\/\\\/astrageno.com\\\/die-astrageno-ag\\\/\",\"url\":\"https:\\\/\\\/astrageno.com\\\/die-astrageno-ag\\\/\",\"name\":\"Die Astrageno AG - Astrageno AG - b\u00f6rsennotierte Beteiligungsgesellschaft aus Deutschland\",\"isPartOf\":{\"@id\":\"https:\\\/\\\/astrageno.com\\\/#website\"},\"datePublished\":\"2024-10-03T07:14:36+00:00\",\"dateModified\":\"2024-10-03T11:22:22+00:00\",\"description\":\"Vorstellung der Beteiligungsgesellschaft Astrageno AG: Alle Informationen zur Astrageno AG. Unternehmensgeschichte, Personen, Berichte. Hier herunterladen.\",\"breadcrumb\":{\"@id\":\"https:\\\/\\\/astrageno.com\\\/die-astrageno-ag\\\/#breadcrumb\"},\"inLanguage\":\"en-US\",\"potentialAction\":[{\"@type\":\"ReadAction\",\"target\":[\"https:\\\/\\\/astrageno.com\\\/die-astrageno-ag\\\/\"]}]},{\"@type\":\"BreadcrumbList\",\"@id\":\"https:\\\/\\\/astrageno.com\\\/die-astrageno-ag\\\/#breadcrumb\",\"itemListElement\":[{\"@type\":\"ListItem\",\"position\":1,\"name\":\"Startseite\",\"item\":\"https:\\\/\\\/astrageno.com\\\/\"},{\"@type\":\"ListItem\",\"position\":2,\"name\":\"Die Astrageno AG\"}]},{\"@type\":\"WebSite\",\"@id\":\"https:\\\/\\\/astrageno.com\\\/#website\",\"url\":\"https:\\\/\\\/astrageno.com\\\/\",\"name\":\"Astrageno AG - b\u00f6rsennotierte Beteiligungsgesellschaft aus Deutschland\",\"description\":\"Astrageno AG, eine b\u00f6rsennotierte Beteiligungsgesellschaft\",\"publisher\":{\"@id\":\"https:\\\/\\\/astrageno.com\\\/#organization\"},\"potentialAction\":[{\"@type\":\"SearchAction\",\"target\":{\"@type\":\"EntryPoint\",\"urlTemplate\":\"https:\\\/\\\/astrageno.com\\\/?s={search_term_string}\"},\"query-input\":{\"@type\":\"PropertyValueSpecification\",\"valueRequired\":true,\"valueName\":\"search_term_string\"}}],\"inLanguage\":\"en-US\"},{\"@type\":\"Organization\",\"@id\":\"https:\\\/\\\/astrageno.com\\\/#organization\",\"name\":\"Astrageno AG - b\u00f6rsennotierte Beteiligungsgesellschaft aus Deutschland\",\"url\":\"https:\\\/\\\/astrageno.com\\\/\",\"logo\":{\"@type\":\"ImageObject\",\"inLanguage\":\"en-US\",\"@id\":\"https:\\\/\\\/astrageno.com\\\/#\\\/schema\\\/logo\\\/image\\\/\",\"url\":\"https:\\\/\\\/astrageno.com\\\/wp-content\\\/uploads\\\/2021\\\/05\\\/logo.svg\",\"contentUrl\":\"https:\\\/\\\/astrageno.com\\\/wp-content\\\/uploads\\\/2021\\\/05\\\/logo.svg\",\"caption\":\"Astrageno AG - b\u00f6rsennotierte Beteiligungsgesellschaft aus Deutschland\"},\"image\":{\"@id\":\"https:\\\/\\\/astrageno.com\\\/#\\\/schema\\\/logo\\\/image\\\/\"}}]}<\/script>\n<!-- \/ Yoast SEO plugin. -->","yoast_head_json":{"title":"Die Astrageno AG - Astrageno AG - b\u00f6rsennotierte Beteiligungsgesellschaft aus Deutschland","description":"Vorstellung der Beteiligungsgesellschaft Astrageno AG: Alle Informationen zur Astrageno AG. Unternehmensgeschichte, Personen, Berichte. Hier herunterladen.","robots":{"index":"index","follow":"follow","max-snippet":"max-snippet:-1","max-image-preview":"max-image-preview:large","max-video-preview":"max-video-preview:-1"},"canonical":"https:\/\/astrageno.com\/en_us\/die-astrageno-ag\/","og_locale":"en_US","og_type":"article","og_title":"Die Astrageno AG - Astrageno AG - b\u00f6rsennotierte Beteiligungsgesellschaft aus Deutschland","og_description":"Vorstellung der Beteiligungsgesellschaft Astrageno AG: Alle Informationen zur Astrageno AG. Unternehmensgeschichte, Personen, Berichte. Hier herunterladen.","og_url":"https:\/\/astrageno.com\/en_us\/die-astrageno-ag\/","og_site_name":"Astrageno AG - b\u00f6rsennotierte Beteiligungsgesellschaft aus Deutschland","article_modified_time":"2024-10-03T11:22:22+00:00","twitter_card":"summary_large_image","schema":{"@context":"https:\/\/schema.org","@graph":[{"@type":"WebPage","@id":"https:\/\/astrageno.com\/die-astrageno-ag\/","url":"https:\/\/astrageno.com\/die-astrageno-ag\/","name":"Die Astrageno AG - Astrageno AG - b\u00f6rsennotierte Beteiligungsgesellschaft aus Deutschland","isPartOf":{"@id":"https:\/\/astrageno.com\/#website"},"datePublished":"2024-10-03T07:14:36+00:00","dateModified":"2024-10-03T11:22:22+00:00","description":"Vorstellung der Beteiligungsgesellschaft Astrageno AG: Alle Informationen zur Astrageno AG. Unternehmensgeschichte, Personen, Berichte. Hier herunterladen.","breadcrumb":{"@id":"https:\/\/astrageno.com\/die-astrageno-ag\/#breadcrumb"},"inLanguage":"en-US","potentialAction":[{"@type":"ReadAction","target":["https:\/\/astrageno.com\/die-astrageno-ag\/"]}]},{"@type":"BreadcrumbList","@id":"https:\/\/astrageno.com\/die-astrageno-ag\/#breadcrumb","itemListElement":[{"@type":"ListItem","position":1,"name":"Startseite","item":"https:\/\/astrageno.com\/"},{"@type":"ListItem","position":2,"name":"Die Astrageno AG"}]},{"@type":"WebSite","@id":"https:\/\/astrageno.com\/#website","url":"https:\/\/astrageno.com\/","name":"Astrageno AG - listed investment company from Germany","description":"Astrageno AG, a listed investment company","publisher":{"@id":"https:\/\/astrageno.com\/#organization"},"potentialAction":[{"@type":"SearchAction","target":{"@type":"EntryPoint","urlTemplate":"https:\/\/astrageno.com\/?s={search_term_string}"},"query-input":{"@type":"PropertyValueSpecification","valueRequired":true,"valueName":"search_term_string"}}],"inLanguage":"en-US"},{"@type":"Organization","@id":"https:\/\/astrageno.com\/#organization","name":"Astrageno AG - listed investment company from Germany","url":"https:\/\/astrageno.com\/","logo":{"@type":"ImageObject","inLanguage":"en-US","@id":"https:\/\/astrageno.com\/#\/schema\/logo\/image\/","url":"https:\/\/astrageno.com\/wp-content\/uploads\/2021\/05\/logo.svg","contentUrl":"https:\/\/astrageno.com\/wp-content\/uploads\/2021\/05\/logo.svg","caption":"Astrageno AG - b\u00f6rsennotierte Beteiligungsgesellschaft aus Deutschland"},"image":{"@id":"https:\/\/astrageno.com\/#\/schema\/logo\/image\/"}}]}},"uagb_featured_image_src":{"full":false,"thumbnail":false,"medium":false,"medium_large":false,"large":false,"1536x1536":false,"2048x2048":false,"trp-custom-language-flag":false},"uagb_author_info":{"display_name":"astrageno.ag@gmail.com","author_link":"https:\/\/astrageno.com\/en_us\/author\/astrageno-aggmail-com\/"},"uagb_comment_info":0,"uagb_excerpt":"Die Astrageno AG ist eine b\u00f6rsennotierte Beteiligungsgesellschaft mit dem Fokus auf nachhaltiges Wachstum und langfristige Partnerschaften. Seit unserer Gr\u00fcndung haben wir uns darauf konzentriert, Unternehmen mit innovativen und zukunftsorientierten Gesch\u00e4ftsmodellen zu unterst\u00fctzen. Unsere Vision ist es, durch strategische Investitionen in vielversprechende Unternehmen dauerhaften Erfolg zu erm\u00f6glichen. Als verl\u00e4sslicher Partner bieten wir unseren Aktion\u00e4ren die M\u00f6glichkeit,&hellip;","_links":{"self":[{"href":"https:\/\/astrageno.com\/en_us\/wp-json\/wp\/v2\/pages\/836","targetHints":{"allow":["GET"]}}],"collection":[{"href":"https:\/\/astrageno.com\/en_us\/wp-json\/wp\/v2\/pages"}],"about":[{"href":"https:\/\/astrageno.com\/en_us\/wp-json\/wp\/v2\/types\/page"}],"author":[{"embeddable":true,"href":"https:\/\/astrageno.com\/en_us\/wp-json\/wp\/v2\/users\/1"}],"replies":[{"embeddable":true,"href":"https:\/\/astrageno.com\/en_us\/wp-json\/wp\/v2\/comments?post=836"}],"version-history":[{"count":2,"href":"https:\/\/astrageno.com\/en_us\/wp-json\/wp\/v2\/pages\/836\/revisions"}],"predecessor-version":[{"id":897,"href":"https:\/\/astrageno.com\/en_us\/wp-json\/wp\/v2\/pages\/836\/revisions\/897"}],"wp:attachment":[{"href":"https:\/\/astrageno.com\/en_us\/wp-json\/wp\/v2\/media?parent=836"}],"curies":[{"name":"wp","href":"https:\/\/api.w.org\/{rel}","templated":true}]}}