{"id":838,"date":"2024-10-03T07:14:47","date_gmt":"2024-10-03T07:14:47","guid":{"rendered":"https:\/\/astrageno.com\/?page_id=838"},"modified":"2024-10-03T11:20:03","modified_gmt":"2024-10-03T11:20:03","slug":"historiehistorie-geschichte","status":"publish","type":"page","link":"https:\/\/astrageno.com\/en_us\/historiehistorie-geschichte\/","title":{"rendered":"History"},"content":{"rendered":"<p>Astrageno was founded with the vision of promoting sustainable growth and long-term success through strategic investments. Since its foundation, the company has focused on supporting innovative business models and investing as a reliable partner in various industries. Our expertise lies in identifying companies with great potential in order to jointly shape the path to a successful future. With a clear focus on future-oriented solutions, Astrageno is now a respected investment company in Germany.<\/p>","protected":false},"excerpt":{"rendered":"<p>Astrageno wurde mit der Vision gegr\u00fcndet, nachhaltiges Wachstum und langfristigen Erfolg durch strategische Beteiligungen zu f\u00f6rdern. Seit der Gr\u00fcndung hat sich das Unternehmen darauf konzentriert, innovative Gesch\u00e4ftsmodelle zu unterst\u00fctzen und als verl\u00e4sslicher Partner in verschiedene Branchen zu investieren. Unsere Expertise liegt in der Identifizierung von Unternehmen mit gro\u00dfem Potenzial, um gemeinsam den Weg in eine [&hellip;]<\/p>","protected":false},"author":1,"featured_media":0,"parent":0,"menu_order":0,"comment_status":"closed","ping_status":"closed","template":"","meta":{"_uag_custom_page_level_css":"","footnotes":""},"class_list":["post-838","page","type-page","status-publish","hentry"],"yoast_head":"<!-- This site is optimized with the Yoast SEO plugin v27.4 - https:\/\/yoast.com\/product\/yoast-seo-wordpress\/ -->\n<title>Historie - Astrageno AG - b\u00f6rsennotierte Beteiligungsgesellschaft aus Deutschland<\/title>\n<meta name=\"description\" content=\"Geschichte und Unternehmensgeschichte der b\u00f6rsennotierten Astrageno AG. Wo kommen wir her, wo gehen wir hin - alle Informationen zur Astrageno AG.\" \/>\n<meta name=\"robots\" content=\"index, follow, max-snippet:-1, max-image-preview:large, max-video-preview:-1\" \/>\n<link rel=\"canonical\" href=\"https:\/\/astrageno.com\/en_us\/historiehistorie-geschichte\/\" \/>\n<meta property=\"og:locale\" content=\"en_US\" \/>\n<meta property=\"og:type\" content=\"article\" \/>\n<meta property=\"og:title\" content=\"Historie - Astrageno AG - b\u00f6rsennotierte Beteiligungsgesellschaft aus Deutschland\" \/>\n<meta property=\"og:description\" content=\"Geschichte und Unternehmensgeschichte der b\u00f6rsennotierten Astrageno AG. Wo kommen wir her, wo gehen wir hin - alle Informationen zur Astrageno AG.\" \/>\n<meta property=\"og:url\" content=\"https:\/\/astrageno.com\/en_us\/historiehistorie-geschichte\/\" \/>\n<meta property=\"og:site_name\" content=\"Astrageno AG - b\u00f6rsennotierte Beteiligungsgesellschaft aus Deutschland\" \/>\n<meta property=\"article:modified_time\" content=\"2024-10-03T11:20:03+00:00\" \/>\n<meta name=\"twitter:card\" content=\"summary_large_image\" \/>\n<meta name=\"twitter:label1\" content=\"Est. reading time\" \/>\n\t<meta name=\"twitter:data1\" content=\"1 minute\" \/>\n<script type=\"application\/ld+json\" class=\"yoast-schema-graph\">{\"@context\":\"https:\\\/\\\/schema.org\",\"@graph\":[{\"@type\":\"WebPage\",\"@id\":\"https:\\\/\\\/astrageno.com\\\/historiehistorie-geschichte\\\/\",\"url\":\"https:\\\/\\\/astrageno.com\\\/historiehistorie-geschichte\\\/\",\"name\":\"Historie - Astrageno AG - b\u00f6rsennotierte Beteiligungsgesellschaft aus Deutschland\",\"isPartOf\":{\"@id\":\"https:\\\/\\\/astrageno.com\\\/#website\"},\"datePublished\":\"2024-10-03T07:14:47+00:00\",\"dateModified\":\"2024-10-03T11:20:03+00:00\",\"description\":\"Geschichte und Unternehmensgeschichte der b\u00f6rsennotierten Astrageno AG. Wo kommen wir her, wo gehen wir hin - alle Informationen zur Astrageno AG.\",\"breadcrumb\":{\"@id\":\"https:\\\/\\\/astrageno.com\\\/historiehistorie-geschichte\\\/#breadcrumb\"},\"inLanguage\":\"en-US\",\"potentialAction\":[{\"@type\":\"ReadAction\",\"target\":[\"https:\\\/\\\/astrageno.com\\\/historiehistorie-geschichte\\\/\"]}]},{\"@type\":\"BreadcrumbList\",\"@id\":\"https:\\\/\\\/astrageno.com\\\/historiehistorie-geschichte\\\/#breadcrumb\",\"itemListElement\":[{\"@type\":\"ListItem\",\"position\":1,\"name\":\"Startseite\",\"item\":\"https:\\\/\\\/astrageno.com\\\/\"},{\"@type\":\"ListItem\",\"position\":2,\"name\":\"Historie\"}]},{\"@type\":\"WebSite\",\"@id\":\"https:\\\/\\\/astrageno.com\\\/#website\",\"url\":\"https:\\\/\\\/astrageno.com\\\/\",\"name\":\"Astrageno AG - b\u00f6rsennotierte Beteiligungsgesellschaft aus Deutschland\",\"description\":\"Astrageno AG, eine b\u00f6rsennotierte Beteiligungsgesellschaft\",\"publisher\":{\"@id\":\"https:\\\/\\\/astrageno.com\\\/#organization\"},\"potentialAction\":[{\"@type\":\"SearchAction\",\"target\":{\"@type\":\"EntryPoint\",\"urlTemplate\":\"https:\\\/\\\/astrageno.com\\\/?s={search_term_string}\"},\"query-input\":{\"@type\":\"PropertyValueSpecification\",\"valueRequired\":true,\"valueName\":\"search_term_string\"}}],\"inLanguage\":\"en-US\"},{\"@type\":\"Organization\",\"@id\":\"https:\\\/\\\/astrageno.com\\\/#organization\",\"name\":\"Astrageno AG - b\u00f6rsennotierte Beteiligungsgesellschaft aus Deutschland\",\"url\":\"https:\\\/\\\/astrageno.com\\\/\",\"logo\":{\"@type\":\"ImageObject\",\"inLanguage\":\"en-US\",\"@id\":\"https:\\\/\\\/astrageno.com\\\/#\\\/schema\\\/logo\\\/image\\\/\",\"url\":\"https:\\\/\\\/astrageno.com\\\/wp-content\\\/uploads\\\/2021\\\/05\\\/logo.svg\",\"contentUrl\":\"https:\\\/\\\/astrageno.com\\\/wp-content\\\/uploads\\\/2021\\\/05\\\/logo.svg\",\"caption\":\"Astrageno AG - b\u00f6rsennotierte Beteiligungsgesellschaft aus Deutschland\"},\"image\":{\"@id\":\"https:\\\/\\\/astrageno.com\\\/#\\\/schema\\\/logo\\\/image\\\/\"}}]}<\/script>\n<!-- \/ Yoast SEO plugin. -->","yoast_head_json":{"title":"Historie - Astrageno AG - b\u00f6rsennotierte Beteiligungsgesellschaft aus Deutschland","description":"Geschichte und Unternehmensgeschichte der b\u00f6rsennotierten Astrageno AG. Wo kommen wir her, wo gehen wir hin - alle Informationen zur Astrageno AG.","robots":{"index":"index","follow":"follow","max-snippet":"max-snippet:-1","max-image-preview":"max-image-preview:large","max-video-preview":"max-video-preview:-1"},"canonical":"https:\/\/astrageno.com\/en_us\/historiehistorie-geschichte\/","og_locale":"en_US","og_type":"article","og_title":"Historie - Astrageno AG - b\u00f6rsennotierte Beteiligungsgesellschaft aus Deutschland","og_description":"Geschichte und Unternehmensgeschichte der b\u00f6rsennotierten Astrageno AG. Wo kommen wir her, wo gehen wir hin - alle Informationen zur Astrageno AG.","og_url":"https:\/\/astrageno.com\/en_us\/historiehistorie-geschichte\/","og_site_name":"Astrageno AG - b\u00f6rsennotierte Beteiligungsgesellschaft aus Deutschland","article_modified_time":"2024-10-03T11:20:03+00:00","twitter_card":"summary_large_image","twitter_misc":{"Est. reading time":"1 minute"},"schema":{"@context":"https:\/\/schema.org","@graph":[{"@type":"WebPage","@id":"https:\/\/astrageno.com\/historiehistorie-geschichte\/","url":"https:\/\/astrageno.com\/historiehistorie-geschichte\/","name":"Historie - Astrageno AG - b\u00f6rsennotierte Beteiligungsgesellschaft aus Deutschland","isPartOf":{"@id":"https:\/\/astrageno.com\/#website"},"datePublished":"2024-10-03T07:14:47+00:00","dateModified":"2024-10-03T11:20:03+00:00","description":"Geschichte und Unternehmensgeschichte der b\u00f6rsennotierten Astrageno AG. Wo kommen wir her, wo gehen wir hin - alle Informationen zur Astrageno AG.","breadcrumb":{"@id":"https:\/\/astrageno.com\/historiehistorie-geschichte\/#breadcrumb"},"inLanguage":"en-US","potentialAction":[{"@type":"ReadAction","target":["https:\/\/astrageno.com\/historiehistorie-geschichte\/"]}]},{"@type":"BreadcrumbList","@id":"https:\/\/astrageno.com\/historiehistorie-geschichte\/#breadcrumb","itemListElement":[{"@type":"ListItem","position":1,"name":"Startseite","item":"https:\/\/astrageno.com\/"},{"@type":"ListItem","position":2,"name":"Historie"}]},{"@type":"WebSite","@id":"https:\/\/astrageno.com\/#website","url":"https:\/\/astrageno.com\/","name":"Astrageno AG - listed investment company from Germany","description":"Astrageno AG, a listed investment company","publisher":{"@id":"https:\/\/astrageno.com\/#organization"},"potentialAction":[{"@type":"SearchAction","target":{"@type":"EntryPoint","urlTemplate":"https:\/\/astrageno.com\/?s={search_term_string}"},"query-input":{"@type":"PropertyValueSpecification","valueRequired":true,"valueName":"search_term_string"}}],"inLanguage":"en-US"},{"@type":"Organization","@id":"https:\/\/astrageno.com\/#organization","name":"Astrageno AG - listed investment company from Germany","url":"https:\/\/astrageno.com\/","logo":{"@type":"ImageObject","inLanguage":"en-US","@id":"https:\/\/astrageno.com\/#\/schema\/logo\/image\/","url":"https:\/\/astrageno.com\/wp-content\/uploads\/2021\/05\/logo.svg","contentUrl":"https:\/\/astrageno.com\/wp-content\/uploads\/2021\/05\/logo.svg","caption":"Astrageno AG - b\u00f6rsennotierte Beteiligungsgesellschaft aus Deutschland"},"image":{"@id":"https:\/\/astrageno.com\/#\/schema\/logo\/image\/"}}]}},"uagb_featured_image_src":{"full":false,"thumbnail":false,"medium":false,"medium_large":false,"large":false,"1536x1536":false,"2048x2048":false,"trp-custom-language-flag":false},"uagb_author_info":{"display_name":"astrageno.ag@gmail.com","author_link":"https:\/\/astrageno.com\/en_us\/author\/astrageno-aggmail-com\/"},"uagb_comment_info":0,"uagb_excerpt":"Astrageno wurde mit der Vision gegr\u00fcndet, nachhaltiges Wachstum und langfristigen Erfolg durch strategische Beteiligungen zu f\u00f6rdern. Seit der Gr\u00fcndung hat sich das Unternehmen darauf konzentriert, innovative Gesch\u00e4ftsmodelle zu unterst\u00fctzen und als verl\u00e4sslicher Partner in verschiedene Branchen zu investieren. Unsere Expertise liegt in der Identifizierung von Unternehmen mit gro\u00dfem Potenzial, um gemeinsam den Weg in eine&hellip;","_links":{"self":[{"href":"https:\/\/astrageno.com\/en_us\/wp-json\/wp\/v2\/pages\/838","targetHints":{"allow":["GET"]}}],"collection":[{"href":"https:\/\/astrageno.com\/en_us\/wp-json\/wp\/v2\/pages"}],"about":[{"href":"https:\/\/astrageno.com\/en_us\/wp-json\/wp\/v2\/types\/page"}],"author":[{"embeddable":true,"href":"https:\/\/astrageno.com\/en_us\/wp-json\/wp\/v2\/users\/1"}],"replies":[{"embeddable":true,"href":"https:\/\/astrageno.com\/en_us\/wp-json\/wp\/v2\/comments?post=838"}],"version-history":[{"count":2,"href":"https:\/\/astrageno.com\/en_us\/wp-json\/wp\/v2\/pages\/838\/revisions"}],"predecessor-version":[{"id":894,"href":"https:\/\/astrageno.com\/en_us\/wp-json\/wp\/v2\/pages\/838\/revisions\/894"}],"wp:attachment":[{"href":"https:\/\/astrageno.com\/en_us\/wp-json\/wp\/v2\/media?parent=838"}],"curies":[{"name":"wp","href":"https:\/\/api.w.org\/{rel}","templated":true}]}}