{"id":840,"date":"2024-10-03T07:15:01","date_gmt":"2024-10-03T07:15:01","guid":{"rendered":"https:\/\/astrageno.com\/?page_id=840"},"modified":"2024-10-03T11:20:57","modified_gmt":"2024-10-03T11:20:57","slug":"vorstand-aufsichtsrat","status":"publish","type":"page","link":"https:\/\/astrageno.com\/en_us\/vorstand-aufsichtsrat\/","title":{"rendered":"Executive Board &amp; Supervisory Board"},"content":{"rendered":"<p>We are proud to have a highly qualified and experienced team on our Management Board and Supervisory Board. Our leadership consists of experts with many years of experience in corporate management, finance and strategic development. Through their shared vision and commitment, they are steering Astrageno AG on a sustainable growth path. The Management Board is committed to ensuring long-term success, while the Supervisory Board provides advice and oversight to achieve the company's goals.<\/p>","protected":false},"excerpt":{"rendered":"<p>Wir sind stolz darauf, ein hochqualifiziertes und erfahrenes Team in unserem Vorstand und Aufsichtsrat zu haben. Unsere F\u00fchrung besteht aus Experten mit langj\u00e4hriger Erfahrung in den Bereichen Unternehmensf\u00fchrung, Finanzen und strategische Entwicklung. Durch ihre gemeinsame Vision und ihr Engagement steuern sie Astrageno AG auf einen nachhaltigen Wachstumskurs. Der Vorstand setzt sich daf\u00fcr ein, langfristigen Erfolg [&hellip;]<\/p>","protected":false},"author":1,"featured_media":0,"parent":0,"menu_order":0,"comment_status":"closed","ping_status":"closed","template":"","meta":{"_uag_custom_page_level_css":"","footnotes":""},"class_list":["post-840","page","type-page","status-publish","hentry"],"yoast_head":"<!-- This site is optimized with the Yoast SEO plugin v27.4 - https:\/\/yoast.com\/product\/yoast-seo-wordpress\/ -->\n<title>Vorstand &amp; Aufsichtsrat - Astrageno AG - b\u00f6rsennotierte Beteiligungsgesellschaft aus Deutschland<\/title>\n<meta name=\"description\" content=\"Personen und F\u00fchrungskr\u00e4fte der Astrageno AG: Vorstand und Aufsichtsrat. Wer f\u00fchrt die Astrageno AG? Alle Informationen hier.\" \/>\n<meta name=\"robots\" content=\"index, follow, max-snippet:-1, max-image-preview:large, max-video-preview:-1\" \/>\n<link rel=\"canonical\" href=\"https:\/\/astrageno.com\/en_us\/vorstand-aufsichtsrat\/\" \/>\n<meta property=\"og:locale\" content=\"en_US\" \/>\n<meta property=\"og:type\" content=\"article\" \/>\n<meta property=\"og:title\" content=\"Vorstand &amp; Aufsichtsrat - Astrageno AG - b\u00f6rsennotierte Beteiligungsgesellschaft aus Deutschland\" \/>\n<meta property=\"og:description\" content=\"Personen und F\u00fchrungskr\u00e4fte der Astrageno AG: Vorstand und Aufsichtsrat. Wer f\u00fchrt die Astrageno AG? Alle Informationen hier.\" \/>\n<meta property=\"og:url\" content=\"https:\/\/astrageno.com\/en_us\/vorstand-aufsichtsrat\/\" \/>\n<meta property=\"og:site_name\" content=\"Astrageno AG - b\u00f6rsennotierte Beteiligungsgesellschaft aus Deutschland\" \/>\n<meta property=\"article:modified_time\" content=\"2024-10-03T11:20:57+00:00\" \/>\n<meta name=\"twitter:card\" content=\"summary_large_image\" \/>\n<script type=\"application\/ld+json\" class=\"yoast-schema-graph\">{\"@context\":\"https:\\\/\\\/schema.org\",\"@graph\":[{\"@type\":\"WebPage\",\"@id\":\"https:\\\/\\\/astrageno.com\\\/vorstand-aufsichtsrat\\\/\",\"url\":\"https:\\\/\\\/astrageno.com\\\/vorstand-aufsichtsrat\\\/\",\"name\":\"Vorstand &amp; Aufsichtsrat - Astrageno AG - b\u00f6rsennotierte Beteiligungsgesellschaft aus Deutschland\",\"isPartOf\":{\"@id\":\"https:\\\/\\\/astrageno.com\\\/#website\"},\"datePublished\":\"2024-10-03T07:15:01+00:00\",\"dateModified\":\"2024-10-03T11:20:57+00:00\",\"description\":\"Personen und F\u00fchrungskr\u00e4fte der Astrageno AG: Vorstand und Aufsichtsrat. Wer f\u00fchrt die Astrageno AG? Alle Informationen hier.\",\"breadcrumb\":{\"@id\":\"https:\\\/\\\/astrageno.com\\\/vorstand-aufsichtsrat\\\/#breadcrumb\"},\"inLanguage\":\"en-US\",\"potentialAction\":[{\"@type\":\"ReadAction\",\"target\":[\"https:\\\/\\\/astrageno.com\\\/vorstand-aufsichtsrat\\\/\"]}]},{\"@type\":\"BreadcrumbList\",\"@id\":\"https:\\\/\\\/astrageno.com\\\/vorstand-aufsichtsrat\\\/#breadcrumb\",\"itemListElement\":[{\"@type\":\"ListItem\",\"position\":1,\"name\":\"Startseite\",\"item\":\"https:\\\/\\\/astrageno.com\\\/\"},{\"@type\":\"ListItem\",\"position\":2,\"name\":\"Vorstand &amp; Aufsichtsrat\"}]},{\"@type\":\"WebSite\",\"@id\":\"https:\\\/\\\/astrageno.com\\\/#website\",\"url\":\"https:\\\/\\\/astrageno.com\\\/\",\"name\":\"Astrageno AG - b\u00f6rsennotierte Beteiligungsgesellschaft aus Deutschland\",\"description\":\"Astrageno AG, eine b\u00f6rsennotierte Beteiligungsgesellschaft\",\"publisher\":{\"@id\":\"https:\\\/\\\/astrageno.com\\\/#organization\"},\"potentialAction\":[{\"@type\":\"SearchAction\",\"target\":{\"@type\":\"EntryPoint\",\"urlTemplate\":\"https:\\\/\\\/astrageno.com\\\/?s={search_term_string}\"},\"query-input\":{\"@type\":\"PropertyValueSpecification\",\"valueRequired\":true,\"valueName\":\"search_term_string\"}}],\"inLanguage\":\"en-US\"},{\"@type\":\"Organization\",\"@id\":\"https:\\\/\\\/astrageno.com\\\/#organization\",\"name\":\"Astrageno AG - b\u00f6rsennotierte Beteiligungsgesellschaft aus Deutschland\",\"url\":\"https:\\\/\\\/astrageno.com\\\/\",\"logo\":{\"@type\":\"ImageObject\",\"inLanguage\":\"en-US\",\"@id\":\"https:\\\/\\\/astrageno.com\\\/#\\\/schema\\\/logo\\\/image\\\/\",\"url\":\"https:\\\/\\\/astrageno.com\\\/wp-content\\\/uploads\\\/2021\\\/05\\\/logo.svg\",\"contentUrl\":\"https:\\\/\\\/astrageno.com\\\/wp-content\\\/uploads\\\/2021\\\/05\\\/logo.svg\",\"caption\":\"Astrageno AG - b\u00f6rsennotierte Beteiligungsgesellschaft aus Deutschland\"},\"image\":{\"@id\":\"https:\\\/\\\/astrageno.com\\\/#\\\/schema\\\/logo\\\/image\\\/\"}}]}<\/script>\n<!-- \/ Yoast SEO plugin. -->","yoast_head_json":{"title":"Vorstand &amp; Aufsichtsrat - Astrageno AG - b\u00f6rsennotierte Beteiligungsgesellschaft aus Deutschland","description":"Personen und F\u00fchrungskr\u00e4fte der Astrageno AG: Vorstand und Aufsichtsrat. Wer f\u00fchrt die Astrageno AG? Alle Informationen hier.","robots":{"index":"index","follow":"follow","max-snippet":"max-snippet:-1","max-image-preview":"max-image-preview:large","max-video-preview":"max-video-preview:-1"},"canonical":"https:\/\/astrageno.com\/en_us\/vorstand-aufsichtsrat\/","og_locale":"en_US","og_type":"article","og_title":"Vorstand &amp; Aufsichtsrat - Astrageno AG - b\u00f6rsennotierte Beteiligungsgesellschaft aus Deutschland","og_description":"Personen und F\u00fchrungskr\u00e4fte der Astrageno AG: Vorstand und Aufsichtsrat. Wer f\u00fchrt die Astrageno AG? Alle Informationen hier.","og_url":"https:\/\/astrageno.com\/en_us\/vorstand-aufsichtsrat\/","og_site_name":"Astrageno AG - b\u00f6rsennotierte Beteiligungsgesellschaft aus Deutschland","article_modified_time":"2024-10-03T11:20:57+00:00","twitter_card":"summary_large_image","schema":{"@context":"https:\/\/schema.org","@graph":[{"@type":"WebPage","@id":"https:\/\/astrageno.com\/vorstand-aufsichtsrat\/","url":"https:\/\/astrageno.com\/vorstand-aufsichtsrat\/","name":"Vorstand &amp; Aufsichtsrat - Astrageno AG - b\u00f6rsennotierte Beteiligungsgesellschaft aus Deutschland","isPartOf":{"@id":"https:\/\/astrageno.com\/#website"},"datePublished":"2024-10-03T07:15:01+00:00","dateModified":"2024-10-03T11:20:57+00:00","description":"Personen und F\u00fchrungskr\u00e4fte der Astrageno AG: Vorstand und Aufsichtsrat. Wer f\u00fchrt die Astrageno AG? Alle Informationen hier.","breadcrumb":{"@id":"https:\/\/astrageno.com\/vorstand-aufsichtsrat\/#breadcrumb"},"inLanguage":"en-US","potentialAction":[{"@type":"ReadAction","target":["https:\/\/astrageno.com\/vorstand-aufsichtsrat\/"]}]},{"@type":"BreadcrumbList","@id":"https:\/\/astrageno.com\/vorstand-aufsichtsrat\/#breadcrumb","itemListElement":[{"@type":"ListItem","position":1,"name":"Startseite","item":"https:\/\/astrageno.com\/"},{"@type":"ListItem","position":2,"name":"Vorstand &amp; Aufsichtsrat"}]},{"@type":"WebSite","@id":"https:\/\/astrageno.com\/#website","url":"https:\/\/astrageno.com\/","name":"Astrageno AG - listed investment company from Germany","description":"Astrageno AG, a listed investment company","publisher":{"@id":"https:\/\/astrageno.com\/#organization"},"potentialAction":[{"@type":"SearchAction","target":{"@type":"EntryPoint","urlTemplate":"https:\/\/astrageno.com\/?s={search_term_string}"},"query-input":{"@type":"PropertyValueSpecification","valueRequired":true,"valueName":"search_term_string"}}],"inLanguage":"en-US"},{"@type":"Organization","@id":"https:\/\/astrageno.com\/#organization","name":"Astrageno AG - listed investment company from Germany","url":"https:\/\/astrageno.com\/","logo":{"@type":"ImageObject","inLanguage":"en-US","@id":"https:\/\/astrageno.com\/#\/schema\/logo\/image\/","url":"https:\/\/astrageno.com\/wp-content\/uploads\/2021\/05\/logo.svg","contentUrl":"https:\/\/astrageno.com\/wp-content\/uploads\/2021\/05\/logo.svg","caption":"Astrageno AG - b\u00f6rsennotierte Beteiligungsgesellschaft aus Deutschland"},"image":{"@id":"https:\/\/astrageno.com\/#\/schema\/logo\/image\/"}}]}},"uagb_featured_image_src":{"full":false,"thumbnail":false,"medium":false,"medium_large":false,"large":false,"1536x1536":false,"2048x2048":false,"trp-custom-language-flag":false},"uagb_author_info":{"display_name":"astrageno.ag@gmail.com","author_link":"https:\/\/astrageno.com\/en_us\/author\/astrageno-aggmail-com\/"},"uagb_comment_info":0,"uagb_excerpt":"Wir sind stolz darauf, ein hochqualifiziertes und erfahrenes Team in unserem Vorstand und Aufsichtsrat zu haben. Unsere F\u00fchrung besteht aus Experten mit langj\u00e4hriger Erfahrung in den Bereichen Unternehmensf\u00fchrung, Finanzen und strategische Entwicklung. Durch ihre gemeinsame Vision und ihr Engagement steuern sie Astrageno AG auf einen nachhaltigen Wachstumskurs. Der Vorstand setzt sich daf\u00fcr ein, langfristigen Erfolg&hellip;","_links":{"self":[{"href":"https:\/\/astrageno.com\/en_us\/wp-json\/wp\/v2\/pages\/840","targetHints":{"allow":["GET"]}}],"collection":[{"href":"https:\/\/astrageno.com\/en_us\/wp-json\/wp\/v2\/pages"}],"about":[{"href":"https:\/\/astrageno.com\/en_us\/wp-json\/wp\/v2\/types\/page"}],"author":[{"embeddable":true,"href":"https:\/\/astrageno.com\/en_us\/wp-json\/wp\/v2\/users\/1"}],"replies":[{"embeddable":true,"href":"https:\/\/astrageno.com\/en_us\/wp-json\/wp\/v2\/comments?post=840"}],"version-history":[{"count":2,"href":"https:\/\/astrageno.com\/en_us\/wp-json\/wp\/v2\/pages\/840\/revisions"}],"predecessor-version":[{"id":895,"href":"https:\/\/astrageno.com\/en_us\/wp-json\/wp\/v2\/pages\/840\/revisions\/895"}],"wp:attachment":[{"href":"https:\/\/astrageno.com\/en_us\/wp-json\/wp\/v2\/media?parent=840"}],"curies":[{"name":"wp","href":"https:\/\/api.w.org\/{rel}","templated":true}]}}