{"id":860,"date":"2024-10-03T08:33:06","date_gmt":"2024-10-03T08:33:06","guid":{"rendered":"https:\/\/astrageno.com\/?page_id=860"},"modified":"2024-10-03T11:21:50","modified_gmt":"2024-10-03T11:21:50","slug":"die-astrageno-aktie","status":"publish","type":"page","link":"https:\/\/astrageno.com\/en_us\/die-astrageno-aktie\/","title":{"rendered":"The Astrageno share"},"content":{"rendered":"<p>Astrageno AG is listed on the stock exchange and offers investors the opportunity to participate in the long-term success and growth of the company. As a future-oriented investment company, we focus on sustainable business models and innovative companies. With a clear vision for the future and a strong team behind us, we strive to create stable value for our shareholders. Follow the development of our share and become part of our success story.<\/p>","protected":false},"excerpt":{"rendered":"<p>Die Astrageno AG ist an der B\u00f6rse notiert und bietet Anlegern die M\u00f6glichkeit, am langfristigen Erfolg und Wachstum des Unternehmens teilzuhaben. Als zukunftsorientierte Beteiligungsgesellschaft fokussieren wir uns auf nachhaltige Gesch\u00e4ftsmodelle und innovative Unternehmen. Mit einer klaren Vision f\u00fcr die Zukunft und einem starken Team im Hintergrund streben wir danach, stabile Werte f\u00fcr unsere Aktion\u00e4re zu [&hellip;]<\/p>","protected":false},"author":1,"featured_media":0,"parent":0,"menu_order":0,"comment_status":"closed","ping_status":"closed","template":"","meta":{"_uag_custom_page_level_css":"","footnotes":""},"class_list":["post-860","page","type-page","status-publish","hentry"],"yoast_head":"<!-- This site is optimized with the Yoast SEO plugin v27.4 - https:\/\/yoast.com\/product\/yoast-seo-wordpress\/ -->\n<title>Die Astrageno Aktie - Astrageno AG - b\u00f6rsennotierte Beteiligungsgesellschaft aus Deutschland<\/title>\n<meta name=\"description\" content=\"Alle Informationen zur Astrageno Aktie: B\u00f6rsenpl\u00e4tze, Finanzberichte, Finanzinformationen, Personen, Hauptversammlung. Informationen jetzt herunterladen.\" \/>\n<meta name=\"robots\" content=\"index, follow, max-snippet:-1, max-image-preview:large, max-video-preview:-1\" \/>\n<link rel=\"canonical\" href=\"https:\/\/astrageno.com\/en_us\/die-astrageno-aktie\/\" \/>\n<meta property=\"og:locale\" content=\"en_US\" \/>\n<meta property=\"og:type\" content=\"article\" \/>\n<meta property=\"og:title\" content=\"Die Astrageno Aktie - Astrageno AG - b\u00f6rsennotierte Beteiligungsgesellschaft aus Deutschland\" \/>\n<meta property=\"og:description\" content=\"Alle Informationen zur Astrageno Aktie: B\u00f6rsenpl\u00e4tze, Finanzberichte, Finanzinformationen, Personen, Hauptversammlung. Informationen jetzt herunterladen.\" \/>\n<meta property=\"og:url\" content=\"https:\/\/astrageno.com\/en_us\/die-astrageno-aktie\/\" \/>\n<meta property=\"og:site_name\" content=\"Astrageno AG - b\u00f6rsennotierte Beteiligungsgesellschaft aus Deutschland\" \/>\n<meta property=\"article:modified_time\" content=\"2024-10-03T11:21:50+00:00\" \/>\n<meta name=\"twitter:card\" content=\"summary_large_image\" \/>\n<script type=\"application\/ld+json\" class=\"yoast-schema-graph\">{\"@context\":\"https:\\\/\\\/schema.org\",\"@graph\":[{\"@type\":\"WebPage\",\"@id\":\"https:\\\/\\\/astrageno.com\\\/die-astrageno-aktie\\\/\",\"url\":\"https:\\\/\\\/astrageno.com\\\/die-astrageno-aktie\\\/\",\"name\":\"Die Astrageno Aktie - Astrageno AG - b\u00f6rsennotierte Beteiligungsgesellschaft aus Deutschland\",\"isPartOf\":{\"@id\":\"https:\\\/\\\/astrageno.com\\\/#website\"},\"datePublished\":\"2024-10-03T08:33:06+00:00\",\"dateModified\":\"2024-10-03T11:21:50+00:00\",\"description\":\"Alle Informationen zur Astrageno Aktie: B\u00f6rsenpl\u00e4tze, Finanzberichte, Finanzinformationen, Personen, Hauptversammlung. Informationen jetzt herunterladen.\",\"breadcrumb\":{\"@id\":\"https:\\\/\\\/astrageno.com\\\/die-astrageno-aktie\\\/#breadcrumb\"},\"inLanguage\":\"en-US\",\"potentialAction\":[{\"@type\":\"ReadAction\",\"target\":[\"https:\\\/\\\/astrageno.com\\\/die-astrageno-aktie\\\/\"]}]},{\"@type\":\"BreadcrumbList\",\"@id\":\"https:\\\/\\\/astrageno.com\\\/die-astrageno-aktie\\\/#breadcrumb\",\"itemListElement\":[{\"@type\":\"ListItem\",\"position\":1,\"name\":\"Startseite\",\"item\":\"https:\\\/\\\/astrageno.com\\\/\"},{\"@type\":\"ListItem\",\"position\":2,\"name\":\"Die Astrageno Aktie\"}]},{\"@type\":\"WebSite\",\"@id\":\"https:\\\/\\\/astrageno.com\\\/#website\",\"url\":\"https:\\\/\\\/astrageno.com\\\/\",\"name\":\"Astrageno AG - b\u00f6rsennotierte Beteiligungsgesellschaft aus Deutschland\",\"description\":\"Astrageno AG, eine b\u00f6rsennotierte Beteiligungsgesellschaft\",\"publisher\":{\"@id\":\"https:\\\/\\\/astrageno.com\\\/#organization\"},\"potentialAction\":[{\"@type\":\"SearchAction\",\"target\":{\"@type\":\"EntryPoint\",\"urlTemplate\":\"https:\\\/\\\/astrageno.com\\\/?s={search_term_string}\"},\"query-input\":{\"@type\":\"PropertyValueSpecification\",\"valueRequired\":true,\"valueName\":\"search_term_string\"}}],\"inLanguage\":\"en-US\"},{\"@type\":\"Organization\",\"@id\":\"https:\\\/\\\/astrageno.com\\\/#organization\",\"name\":\"Astrageno AG - b\u00f6rsennotierte Beteiligungsgesellschaft aus Deutschland\",\"url\":\"https:\\\/\\\/astrageno.com\\\/\",\"logo\":{\"@type\":\"ImageObject\",\"inLanguage\":\"en-US\",\"@id\":\"https:\\\/\\\/astrageno.com\\\/#\\\/schema\\\/logo\\\/image\\\/\",\"url\":\"https:\\\/\\\/astrageno.com\\\/wp-content\\\/uploads\\\/2021\\\/05\\\/logo.svg\",\"contentUrl\":\"https:\\\/\\\/astrageno.com\\\/wp-content\\\/uploads\\\/2021\\\/05\\\/logo.svg\",\"caption\":\"Astrageno AG - b\u00f6rsennotierte Beteiligungsgesellschaft aus Deutschland\"},\"image\":{\"@id\":\"https:\\\/\\\/astrageno.com\\\/#\\\/schema\\\/logo\\\/image\\\/\"}}]}<\/script>\n<!-- \/ Yoast SEO plugin. -->","yoast_head_json":{"title":"Die Astrageno Aktie - Astrageno AG - b\u00f6rsennotierte Beteiligungsgesellschaft aus Deutschland","description":"Alle Informationen zur Astrageno Aktie: B\u00f6rsenpl\u00e4tze, Finanzberichte, Finanzinformationen, Personen, Hauptversammlung. Informationen jetzt herunterladen.","robots":{"index":"index","follow":"follow","max-snippet":"max-snippet:-1","max-image-preview":"max-image-preview:large","max-video-preview":"max-video-preview:-1"},"canonical":"https:\/\/astrageno.com\/en_us\/die-astrageno-aktie\/","og_locale":"en_US","og_type":"article","og_title":"Die Astrageno Aktie - Astrageno AG - b\u00f6rsennotierte Beteiligungsgesellschaft aus Deutschland","og_description":"Alle Informationen zur Astrageno Aktie: B\u00f6rsenpl\u00e4tze, Finanzberichte, Finanzinformationen, Personen, Hauptversammlung. Informationen jetzt herunterladen.","og_url":"https:\/\/astrageno.com\/en_us\/die-astrageno-aktie\/","og_site_name":"Astrageno AG - b\u00f6rsennotierte Beteiligungsgesellschaft aus Deutschland","article_modified_time":"2024-10-03T11:21:50+00:00","twitter_card":"summary_large_image","schema":{"@context":"https:\/\/schema.org","@graph":[{"@type":"WebPage","@id":"https:\/\/astrageno.com\/die-astrageno-aktie\/","url":"https:\/\/astrageno.com\/die-astrageno-aktie\/","name":"Die Astrageno Aktie - Astrageno AG - b\u00f6rsennotierte Beteiligungsgesellschaft aus Deutschland","isPartOf":{"@id":"https:\/\/astrageno.com\/#website"},"datePublished":"2024-10-03T08:33:06+00:00","dateModified":"2024-10-03T11:21:50+00:00","description":"Alle Informationen zur Astrageno Aktie: B\u00f6rsenpl\u00e4tze, Finanzberichte, Finanzinformationen, Personen, Hauptversammlung. Informationen jetzt herunterladen.","breadcrumb":{"@id":"https:\/\/astrageno.com\/die-astrageno-aktie\/#breadcrumb"},"inLanguage":"en-US","potentialAction":[{"@type":"ReadAction","target":["https:\/\/astrageno.com\/die-astrageno-aktie\/"]}]},{"@type":"BreadcrumbList","@id":"https:\/\/astrageno.com\/die-astrageno-aktie\/#breadcrumb","itemListElement":[{"@type":"ListItem","position":1,"name":"Startseite","item":"https:\/\/astrageno.com\/"},{"@type":"ListItem","position":2,"name":"Die Astrageno Aktie"}]},{"@type":"WebSite","@id":"https:\/\/astrageno.com\/#website","url":"https:\/\/astrageno.com\/","name":"Astrageno AG - listed investment company from Germany","description":"Astrageno AG, a listed investment company","publisher":{"@id":"https:\/\/astrageno.com\/#organization"},"potentialAction":[{"@type":"SearchAction","target":{"@type":"EntryPoint","urlTemplate":"https:\/\/astrageno.com\/?s={search_term_string}"},"query-input":{"@type":"PropertyValueSpecification","valueRequired":true,"valueName":"search_term_string"}}],"inLanguage":"en-US"},{"@type":"Organization","@id":"https:\/\/astrageno.com\/#organization","name":"Astrageno AG - listed investment company from Germany","url":"https:\/\/astrageno.com\/","logo":{"@type":"ImageObject","inLanguage":"en-US","@id":"https:\/\/astrageno.com\/#\/schema\/logo\/image\/","url":"https:\/\/astrageno.com\/wp-content\/uploads\/2021\/05\/logo.svg","contentUrl":"https:\/\/astrageno.com\/wp-content\/uploads\/2021\/05\/logo.svg","caption":"Astrageno AG - b\u00f6rsennotierte Beteiligungsgesellschaft aus Deutschland"},"image":{"@id":"https:\/\/astrageno.com\/#\/schema\/logo\/image\/"}}]}},"uagb_featured_image_src":{"full":false,"thumbnail":false,"medium":false,"medium_large":false,"large":false,"1536x1536":false,"2048x2048":false,"trp-custom-language-flag":false},"uagb_author_info":{"display_name":"astrageno.ag@gmail.com","author_link":"https:\/\/astrageno.com\/en_us\/author\/astrageno-aggmail-com\/"},"uagb_comment_info":0,"uagb_excerpt":"Die Astrageno AG ist an der B\u00f6rse notiert und bietet Anlegern die M\u00f6glichkeit, am langfristigen Erfolg und Wachstum des Unternehmens teilzuhaben. Als zukunftsorientierte Beteiligungsgesellschaft fokussieren wir uns auf nachhaltige Gesch\u00e4ftsmodelle und innovative Unternehmen. Mit einer klaren Vision f\u00fcr die Zukunft und einem starken Team im Hintergrund streben wir danach, stabile Werte f\u00fcr unsere Aktion\u00e4re zu&hellip;","_links":{"self":[{"href":"https:\/\/astrageno.com\/en_us\/wp-json\/wp\/v2\/pages\/860","targetHints":{"allow":["GET"]}}],"collection":[{"href":"https:\/\/astrageno.com\/en_us\/wp-json\/wp\/v2\/pages"}],"about":[{"href":"https:\/\/astrageno.com\/en_us\/wp-json\/wp\/v2\/types\/page"}],"author":[{"embeddable":true,"href":"https:\/\/astrageno.com\/en_us\/wp-json\/wp\/v2\/users\/1"}],"replies":[{"embeddable":true,"href":"https:\/\/astrageno.com\/en_us\/wp-json\/wp\/v2\/comments?post=860"}],"version-history":[{"count":2,"href":"https:\/\/astrageno.com\/en_us\/wp-json\/wp\/v2\/pages\/860\/revisions"}],"predecessor-version":[{"id":896,"href":"https:\/\/astrageno.com\/en_us\/wp-json\/wp\/v2\/pages\/860\/revisions\/896"}],"wp:attachment":[{"href":"https:\/\/astrageno.com\/en_us\/wp-json\/wp\/v2\/media?parent=860"}],"curies":[{"name":"wp","href":"https:\/\/api.w.org\/{rel}","templated":true}]}}